{"id":45,"date":"2014-02-03T16:05:31","date_gmt":"2014-02-03T14:05:31","guid":{"rendered":"http:\/\/www.soitinkorjaamo.fi\/?page_id=45"},"modified":"2014-02-03T19:18:29","modified_gmt":"2014-02-03T17:18:29","slug":"kuvia","status":"publish","type":"page","link":"http:\/\/www.soitinkorjaamo.fi\/?page_id=45","title":{"rendered":"Kuvia"},"content":{"rendered":"<p>[et_pb_section][et_pb_row][et_pb_column type=&#8221;4_4&#8243;][et_pb_text admin_label=&#8221;Text&#8221; background_layout=&#8221;light&#8221; text_orientation=&#8221;left&#8221;]<\/p>\n<p><span style=\"color: #000000; font-family: Tahoma;\">Kuvien k\u00e4ytt\u00f6 on kielletty\u00a0<\/span><span style=\"color: #000000; font-family: Tahoma;\">ilman kuvaajan lupaa.\u00a0<\/span><\/p>\n<p><span style=\"color: #000000; font-family: Tahoma;\">Kuvaaja mainittava\u00a0<\/span><span style=\"color: #000000; font-family: Tahoma;\">kuvien k\u00e4yt\u00f6n yhteydess\u00e4:\u00a0<\/span><span style=\"color: #000000; font-family: Tahoma;\"><b>Kuvaaja: Teemu Salminen<\/b><\/span><\/p>\n\n\t\t<style type=\"text\/css\">\n\t\t\t#gallery-1 {\n\t\t\t\tmargin: auto;\n\t\t\t}\n\t\t\t#gallery-1 .gallery-item {\n\t\t\t\tfloat: left;\n\t\t\t\tmargin-top: 10px;\n\t\t\t\ttext-align: center;\n\t\t\t\twidth: 33%;\n\t\t\t}\n\t\t\t#gallery-1 img {\n\t\t\t\tborder: 2px solid #cfcfcf;\n\t\t\t}\n\t\t\t#gallery-1 .gallery-caption {\n\t\t\t\tmargin-left: 0;\n\t\t\t}\n\t\t\t\/* see gallery_shortcode() in wp-includes\/media.php *\/\n\t\t<\/style>\n\t\t<div id='gallery-1' class='gallery galleryid-45 gallery-columns-3 gallery-size-thumbnail'><dl class='gallery-item'>\n\t\t\t<dt class='gallery-icon portrait'>\n\t\t\t\t<a href='http:\/\/www.soitinkorjaamo.fi\/wp-content\/uploads\/2014\/02\/Timo9976.jpg'><img width=\"150\" height=\"150\" src=\"http:\/\/www.soitinkorjaamo.fi\/wp-content\/uploads\/2014\/02\/Timo9976-150x150.jpg\" class=\"attachment-thumbnail size-thumbnail\" alt=\"\" decoding=\"async\" loading=\"lazy\" \/><\/a>\n\t\t\t<\/dt><\/dl><dl class='gallery-item'>\n\t\t\t<dt class='gallery-icon portrait'>\n\t\t\t\t<a href='http:\/\/www.soitinkorjaamo.fi\/wp-content\/uploads\/2014\/02\/Timo9993.jpg'><img width=\"150\" height=\"150\" src=\"http:\/\/www.soitinkorjaamo.fi\/wp-content\/uploads\/2014\/02\/Timo9993-150x150.jpg\" class=\"attachment-thumbnail size-thumbnail\" alt=\"\" decoding=\"async\" loading=\"lazy\" \/><\/a>\n\t\t\t<\/dt><\/dl><dl class='gallery-item'>\n\t\t\t<dt class='gallery-icon portrait'>\n\t\t\t\t<a href='http:\/\/www.soitinkorjaamo.fi\/wp-content\/uploads\/2014\/02\/Timo-098.jpg'><img width=\"150\" height=\"150\" src=\"http:\/\/www.soitinkorjaamo.fi\/wp-content\/uploads\/2014\/02\/Timo-098-150x150.jpg\" class=\"attachment-thumbnail size-thumbnail\" alt=\"\" decoding=\"async\" loading=\"lazy\" \/><\/a>\n\t\t\t<\/dt><\/dl><br style=\"clear: both\" \/><dl class='gallery-item'>\n\t\t\t<dt class='gallery-icon portrait'>\n\t\t\t\t<a href='http:\/\/www.soitinkorjaamo.fi\/wp-content\/uploads\/2014\/02\/Timo-006.jpg'><img width=\"150\" height=\"150\" src=\"http:\/\/www.soitinkorjaamo.fi\/wp-content\/uploads\/2014\/02\/Timo-006-150x150.jpg\" class=\"attachment-thumbnail size-thumbnail\" alt=\"\" decoding=\"async\" loading=\"lazy\" \/><\/a>\n\t\t\t<\/dt><\/dl><dl class='gallery-item'>\n\t\t\t<dt class='gallery-icon portrait'>\n\t\t\t\t<a href='http:\/\/www.soitinkorjaamo.fi\/wp-content\/uploads\/2014\/02\/Timo-040.jpg'><img width=\"150\" height=\"150\" src=\"http:\/\/www.soitinkorjaamo.fi\/wp-content\/uploads\/2014\/02\/Timo-040-150x150.jpg\" class=\"attachment-thumbnail size-thumbnail\" alt=\"\" decoding=\"async\" loading=\"lazy\" \/><\/a>\n\t\t\t<\/dt><\/dl><dl class='gallery-item'>\n\t\t\t<dt class='gallery-icon portrait'>\n\t\t\t\t<a href='http:\/\/www.soitinkorjaamo.fi\/wp-content\/uploads\/2014\/02\/Timo-038.jpg'><img width=\"150\" height=\"150\" src=\"http:\/\/www.soitinkorjaamo.fi\/wp-content\/uploads\/2014\/02\/Timo-038-150x150.jpg\" class=\"attachment-thumbnail size-thumbnail\" alt=\"\" decoding=\"async\" loading=\"lazy\" \/><\/a>\n\t\t\t<\/dt><\/dl><br style=\"clear: both\" \/><dl class='gallery-item'>\n\t\t\t<dt class='gallery-icon portrait'>\n\t\t\t\t<a href='http:\/\/www.soitinkorjaamo.fi\/wp-content\/uploads\/2014\/02\/Timo-012.jpg'><img width=\"150\" height=\"150\" src=\"http:\/\/www.soitinkorjaamo.fi\/wp-content\/uploads\/2014\/02\/Timo-012-150x150.jpg\" class=\"attachment-thumbnail size-thumbnail\" alt=\"\" decoding=\"async\" loading=\"lazy\" \/><\/a>\n\t\t\t<\/dt><\/dl><dl class='gallery-item'>\n\t\t\t<dt class='gallery-icon landscape'>\n\t\t\t\t<a href='http:\/\/www.soitinkorjaamo.fi\/wp-content\/uploads\/2014\/02\/Timo-079.jpg'><img width=\"150\" height=\"150\" src=\"http:\/\/www.soitinkorjaamo.fi\/wp-content\/uploads\/2014\/02\/Timo-079-150x150.jpg\" class=\"attachment-thumbnail size-thumbnail\" alt=\"\" decoding=\"async\" loading=\"lazy\" \/><\/a>\n\t\t\t<\/dt><\/dl><dl class='gallery-item'>\n\t\t\t<dt class='gallery-icon landscape'>\n\t\t\t\t<a href='http:\/\/www.soitinkorjaamo.fi\/wp-content\/uploads\/2014\/02\/Timo-078.jpg'><img width=\"150\" height=\"150\" src=\"http:\/\/www.soitinkorjaamo.fi\/wp-content\/uploads\/2014\/02\/Timo-078-150x150.jpg\" class=\"attachment-thumbnail size-thumbnail\" alt=\"\" decoding=\"async\" loading=\"lazy\" \/><\/a>\n\t\t\t<\/dt><\/dl><br style=\"clear: both\" \/><dl class='gallery-item'>\n\t\t\t<dt class='gallery-icon landscape'>\n\t\t\t\t<a href='http:\/\/www.soitinkorjaamo.fi\/wp-content\/uploads\/2014\/02\/Timo-019B.jpg'><img width=\"150\" height=\"150\" src=\"http:\/\/www.soitinkorjaamo.fi\/wp-content\/uploads\/2014\/02\/Timo-019B-150x150.jpg\" class=\"attachment-thumbnail size-thumbnail\" alt=\"\" decoding=\"async\" loading=\"lazy\" \/><\/a>\n\t\t\t<\/dt><\/dl><dl class='gallery-item'>\n\t\t\t<dt class='gallery-icon landscape'>\n\t\t\t\t<a href='http:\/\/www.soitinkorjaamo.fi\/wp-content\/uploads\/2014\/02\/Timo-021.jpg'><img width=\"150\" height=\"150\" src=\"http:\/\/www.soitinkorjaamo.fi\/wp-content\/uploads\/2014\/02\/Timo-021-150x150.jpg\" class=\"attachment-thumbnail size-thumbnail\" alt=\"\" decoding=\"async\" loading=\"lazy\" \/><\/a>\n\t\t\t<\/dt><\/dl><dl class='gallery-item'>\n\t\t\t<dt class='gallery-icon landscape'>\n\t\t\t\t<a href='http:\/\/www.soitinkorjaamo.fi\/wp-content\/uploads\/2014\/02\/kuva3b.jpg'><img width=\"150\" height=\"141\" src=\"http:\/\/www.soitinkorjaamo.fi\/wp-content\/uploads\/2014\/02\/kuva3b-150x141.jpg\" class=\"attachment-thumbnail size-thumbnail\" alt=\"\" decoding=\"async\" loading=\"lazy\" \/><\/a>\n\t\t\t<\/dt><\/dl><br style=\"clear: both\" \/><dl class='gallery-item'>\n\t\t\t<dt class='gallery-icon landscape'>\n\t\t\t\t<a href='http:\/\/www.soitinkorjaamo.fi\/wp-content\/uploads\/2014\/02\/DSC03906C.jpg'><img width=\"150\" height=\"150\" src=\"http:\/\/www.soitinkorjaamo.fi\/wp-content\/uploads\/2014\/02\/DSC03906C-150x150.jpg\" class=\"attachment-thumbnail size-thumbnail\" alt=\"\" decoding=\"async\" loading=\"lazy\" \/><\/a>\n\t\t\t<\/dt><\/dl><dl class='gallery-item'>\n\t\t\t<dt class='gallery-icon portrait'>\n\t\t\t\t<a href='http:\/\/www.soitinkorjaamo.fi\/wp-content\/uploads\/2014\/02\/DSC03932E.jpg'><img width=\"150\" height=\"150\" src=\"http:\/\/www.soitinkorjaamo.fi\/wp-content\/uploads\/2014\/02\/DSC03932E-150x150.jpg\" class=\"attachment-thumbnail size-thumbnail\" alt=\"\" decoding=\"async\" loading=\"lazy\" \/><\/a>\n\t\t\t<\/dt><\/dl><dl class='gallery-item'>\n\t\t\t<dt class='gallery-icon landscape'>\n\t\t\t\t<a href='http:\/\/www.soitinkorjaamo.fi\/wp-content\/uploads\/2014\/02\/DSC03898C.jpg'><img width=\"150\" height=\"150\" src=\"http:\/\/www.soitinkorjaamo.fi\/wp-content\/uploads\/2014\/02\/DSC03898C-150x150.jpg\" class=\"attachment-thumbnail size-thumbnail\" alt=\"\" decoding=\"async\" loading=\"lazy\" \/><\/a>\n\t\t\t<\/dt><\/dl><br style=\"clear: both\" \/><dl class='gallery-item'>\n\t\t\t<dt class='gallery-icon landscape'>\n\t\t\t\t<a href='http:\/\/www.soitinkorjaamo.fi\/wp-content\/uploads\/2014\/02\/DSC03923E.jpg'><img width=\"150\" height=\"150\" src=\"http:\/\/www.soitinkorjaamo.fi\/wp-content\/uploads\/2014\/02\/DSC03923E-150x150.jpg\" class=\"attachment-thumbnail size-thumbnail\" alt=\"\" decoding=\"async\" loading=\"lazy\" \/><\/a>\n\t\t\t<\/dt><\/dl><dl class='gallery-item'>\n\t\t\t<dt class='gallery-icon landscape'>\n\t\t\t\t<a href='http:\/\/www.soitinkorjaamo.fi\/wp-content\/uploads\/2014\/02\/DSC03900BC.jpg'><img width=\"150\" height=\"150\" src=\"http:\/\/www.soitinkorjaamo.fi\/wp-content\/uploads\/2014\/02\/DSC03900BC-150x150.jpg\" class=\"attachment-thumbnail size-thumbnail\" alt=\"\" decoding=\"async\" loading=\"lazy\" \/><\/a>\n\t\t\t<\/dt><\/dl><dl class='gallery-item'>\n\t\t\t<dt class='gallery-icon landscape'>\n\t\t\t\t<a href='http:\/\/www.soitinkorjaamo.fi\/wp-content\/uploads\/2014\/02\/kuva1b.jpg'><img width=\"150\" height=\"150\" src=\"http:\/\/www.soitinkorjaamo.fi\/wp-content\/uploads\/2014\/02\/kuva1b-150x150.jpg\" class=\"attachment-thumbnail size-thumbnail\" alt=\"\" decoding=\"async\" loading=\"lazy\" \/><\/a>\n\t\t\t<\/dt><\/dl><br style=\"clear: both\" \/><dl class='gallery-item'>\n\t\t\t<dt class='gallery-icon landscape'>\n\t\t\t\t<a href='http:\/\/www.soitinkorjaamo.fi\/wp-content\/uploads\/2014\/02\/kuva2b.jpg'><img width=\"150\" height=\"150\" src=\"http:\/\/www.soitinkorjaamo.fi\/wp-content\/uploads\/2014\/02\/kuva2b-150x150.jpg\" class=\"attachment-thumbnail size-thumbnail\" alt=\"\" decoding=\"async\" loading=\"lazy\" \/><\/a>\n\t\t\t<\/dt><\/dl><dl class='gallery-item'>\n\t\t\t<dt class='gallery-icon landscape'>\n\t\t\t\t<a href='http:\/\/www.soitinkorjaamo.fi\/wp-content\/uploads\/2014\/02\/kuva4b.jpg'><img width=\"150\" height=\"150\" src=\"http:\/\/www.soitinkorjaamo.fi\/wp-content\/uploads\/2014\/02\/kuva4b-150x150.jpg\" class=\"attachment-thumbnail size-thumbnail\" alt=\"\" decoding=\"async\" loading=\"lazy\" \/><\/a>\n\t\t\t<\/dt><\/dl>\n\t\t\t<br style='clear: both' \/>\n\t\t<\/div>\n\n<p>[\/et_pb_text][\/et_pb_column][\/et_pb_row][\/et_pb_section]<\/p>\n","protected":false},"excerpt":{"rendered":"<p>[et_pb_section][et_pb_row][et_pb_column type=&#8221;4_4&#8243;][et_pb_text admin_label=&#8221;Text&#8221; background_layout=&#8221;light&#8221; text_orientation=&#8221;left&#8221;] Kuvien k\u00e4ytt\u00f6 on kielletty\u00a0ilman kuvaajan lupaa.\u00a0 Kuvaaja mainittava\u00a0kuvien k\u00e4yt\u00f6n yhteydess\u00e4:\u00a0Kuvaaja: Teemu Salminen [\/et_pb_text][\/et_pb_column][\/et_pb_row][\/et_pb_section]<\/p>\n","protected":false},"author":1,"featured_media":0,"parent":0,"menu_order":0,"comment_status":"closed","ping_status":"closed","template":"","meta":{"_et_pb_use_builder":"on","_et_pb_old_content":""},"_links":{"self":[{"href":"http:\/\/www.soitinkorjaamo.fi\/index.php?rest_route=\/wp\/v2\/pages\/45"}],"collection":[{"href":"http:\/\/www.soitinkorjaamo.fi\/index.php?rest_route=\/wp\/v2\/pages"}],"about":[{"href":"http:\/\/www.soitinkorjaamo.fi\/index.php?rest_route=\/wp\/v2\/types\/page"}],"author":[{"embeddable":true,"href":"http:\/\/www.soitinkorjaamo.fi\/index.php?rest_route=\/wp\/v2\/users\/1"}],"replies":[{"embeddable":true,"href":"http:\/\/www.soitinkorjaamo.fi\/index.php?rest_route=%2Fwp%2Fv2%2Fcomments&post=45"}],"version-history":[{"count":2,"href":"http:\/\/www.soitinkorjaamo.fi\/index.php?rest_route=\/wp\/v2\/pages\/45\/revisions"}],"predecessor-version":[{"id":103,"href":"http:\/\/www.soitinkorjaamo.fi\/index.php?rest_route=\/wp\/v2\/pages\/45\/revisions\/103"}],"wp:attachment":[{"href":"http:\/\/www.soitinkorjaamo.fi\/index.php?rest_route=%2Fwp%2Fv2%2Fmedia&parent=45"}],"curies":[{"name":"wp","href":"https:\/\/api.w.org\/{rel}","templated":true}]}}