{"id":49,"date":"2014-02-03T17:24:18","date_gmt":"2014-02-03T15:24:18","guid":{"rendered":"http:\/\/www.soitinkorjaamo.fi\/?page_id=49"},"modified":"2025-10-14T10:23:25","modified_gmt":"2025-10-14T07:23:25","slug":"saksofonit","status":"publish","type":"page","link":"http:\/\/www.soitinkorjaamo.fi\/?page_id=49","title":{"rendered":"Saksofonit"},"content":{"rendered":"<p>[et_pb_section bb_built=&#8221;1&#8243;][et_pb_row][et_pb_column type=&#8221;1_3&#8243;][et_pb_text admin_label=&#8221;Perushuolto&#8221; background_position=&#8221;top_left&#8221; background_repeat=&#8221;repeat&#8221; background_size=&#8221;initial&#8221; _builder_version=&#8221;3.19.15&#8243;]<\/p>\n<p><strong>Perushuolto sis. alv 25,5%<\/strong><\/p>\n<p>(SoprSax-TSax)\u00a0\u00a0alk. 375\u20ac + tarvikkeet<br \/>Rungon ja koneiston puhdistus, tarvittavien koneistokorkkien ja huopien vaihto, s\u00e4\u00e4t\u00f6. Tarvittavien tyynyjen ja jousien vaihto tuntity\u00f6n\u00e4.<\/p>\n<p>[\/et_pb_text][\/et_pb_column][et_pb_column type=&#8221;1_3&#8243;][et_pb_text admin_label=&#8221;T\u00e4ysremontti&#8221; background_position=&#8221;top_left&#8221; background_repeat=&#8221;repeat&#8221; background_size=&#8221;initial&#8221; _builder_version=&#8221;3.19.15&#8243;]<\/p>\n<p><strong>T\u00e4ysremontti sis. alv 25,5%<\/strong><\/p>\n<p>(SoprSax-TSax) alk. 820\u20ac + tarvikkeet<br \/>Rungon ja koneiston ultra\u00e4\u00e4nipesu, koneiston v\u00e4lysten poisto, tarvittavien jousien vaihto, kaikkien koneistokorkkien ja huopien vaihto, suukappalekorkin vaihto, tyynytys. Jumiutuneiden akseleiden ja ruuvien irrotus, \u00e4\u00e4niaukkojen ja rungon oikaisu tuntity\u00f6n\u00e4.<\/p>\n<p>[\/et_pb_text][\/et_pb_column][et_pb_column type=&#8221;1_3&#8243;][et_pb_text admin_label=&#8221;Barsax&#8221; background_position=&#8221;top_left&#8221; background_repeat=&#8221;repeat&#8221; background_size=&#8221;initial&#8221; _builder_version=&#8221;3.19.15&#8243;]<\/p>\n<p><strong>Baritoni- ja bassosaksofonin ty\u00f6t tapauskohtaisesti<\/strong><\/p>\n<p>[\/et_pb_text][\/et_pb_column][\/et_pb_row][\/et_pb_section]<\/p>\n","protected":false},"excerpt":{"rendered":"<p>[et_pb_section bb_built=&#8221;1&#8243;][et_pb_row][et_pb_column type=&#8221;1_3&#8243;][et_pb_text admin_label=&#8221;Perushuolto&#8221; background_position=&#8221;top_left&#8221; background_repeat=&#8221;repeat&#8221; background_size=&#8221;initial&#8221; _builder_version=&#8221;3.19.15&#8243;] Perushuolto sis. alv 25,5% (SoprSax-TSax)\u00a0\u00a0alk. 375\u20ac + tarvikkeetRungon ja koneiston puhdistus, tarvittavien koneistokorkkien ja huopien vaihto, s\u00e4\u00e4t\u00f6. Tarvittavien tyynyjen ja jousien vaihto tuntity\u00f6n\u00e4. [\/et_pb_text][\/et_pb_column][et_pb_column type=&#8221;1_3&#8243;][et_pb_text admin_label=&#8221;T\u00e4ysremontti&#8221; background_position=&#8221;top_left&#8221; background_repeat=&#8221;repeat&#8221; background_size=&#8221;initial&#8221; _builder_version=&#8221;3.19.15&#8243;] T\u00e4ysremontti sis. alv 25,5% (SoprSax-TSax) alk. 820\u20ac + tarvikkeetRungon ja koneiston ultra\u00e4\u00e4nipesu, koneiston v\u00e4lysten poisto, tarvittavien jousien [&hellip;]<\/p>\n","protected":false},"author":1,"featured_media":0,"parent":0,"menu_order":0,"comment_status":"closed","ping_status":"closed","template":"","meta":{"_et_pb_use_builder":"on","_et_pb_old_content":""},"_links":{"self":[{"href":"http:\/\/www.soitinkorjaamo.fi\/index.php?rest_route=\/wp\/v2\/pages\/49"}],"collection":[{"href":"http:\/\/www.soitinkorjaamo.fi\/index.php?rest_route=\/wp\/v2\/pages"}],"about":[{"href":"http:\/\/www.soitinkorjaamo.fi\/index.php?rest_route=\/wp\/v2\/types\/page"}],"author":[{"embeddable":true,"href":"http:\/\/www.soitinkorjaamo.fi\/index.php?rest_route=\/wp\/v2\/users\/1"}],"replies":[{"embeddable":true,"href":"http:\/\/www.soitinkorjaamo.fi\/index.php?rest_route=%2Fwp%2Fv2%2Fcomments&post=49"}],"version-history":[{"count":8,"href":"http:\/\/www.soitinkorjaamo.fi\/index.php?rest_route=\/wp\/v2\/pages\/49\/revisions"}],"predecessor-version":[{"id":119,"href":"http:\/\/www.soitinkorjaamo.fi\/index.php?rest_route=\/wp\/v2\/pages\/49\/revisions\/119"}],"wp:attachment":[{"href":"http:\/\/www.soitinkorjaamo.fi\/index.php?rest_route=%2Fwp%2Fv2%2Fmedia&parent=49"}],"curies":[{"name":"wp","href":"https:\/\/api.w.org\/{rel}","templated":true}]}}