{"id":65,"date":"2014-02-03T17:52:45","date_gmt":"2014-02-03T15:52:45","guid":{"rendered":"http:\/\/www.soitinkorjaamo.fi\/?page_id=65"},"modified":"2025-10-14T10:47:24","modified_gmt":"2025-10-14T07:47:24","slug":"koti","status":"publish","type":"page","link":"http:\/\/www.soitinkorjaamo.fi\/","title":{"rendered":"Koti"},"content":{"rendered":"<p>[et_pb_section bb_built=&#8221;1&#8243; background_color=&#8221;#ffffff&#8221; inner_shadow=&#8221;off&#8221; parallax=&#8221;off&#8221;][et_pb_row][et_pb_column type=&#8221;4_4&#8243;][et_pb_text admin_label=&#8221;Pp huoltoa ja korjausta..&#8221; background_layout=&#8221;light&#8221; text_orientation=&#8221;left&#8221; background_position=&#8221;top_left&#8221; background_repeat=&#8221;repeat&#8221; background_size=&#8221;initial&#8221; _builder_version=&#8221;3.19.15&#8243;]<\/p>\n<h2>Puu- ja vaskipuhaltimien huoltoa ja korjausta vuosien kokemuksella ja omistautuneisuudella<\/h2>\n<p>[\/et_pb_text][et_pb_text admin_label=&#8221;Soitinkorjaamo&#8221; background_position=&#8221;top_left&#8221; background_repeat=&#8221;repeat&#8221; background_size=&#8221;initial&#8221; _builder_version=&#8221;3.19.15&#8243;]<\/p>\n<p>Soitinkorjaamo sijaitsee Helsingin Meilahdessa osoitteessa Pihlajatie 38. Ota rohkeasti yhteytt\u00e4 ja tule k\u00e4ym\u00e4\u00e4n! Tarkemmat hinnat l\u00f6yd\u00e4t soittimien kohdalta, tuntiveloitus 100\u20ac\/h<\/p>\n<p>[\/et_pb_text][et_pb_text admin_label=&#8221;kuva ja teksti&#8221; background_layout=&#8221;light&#8221; text_orientation=&#8221;left&#8221; background_position=&#8221;top_left&#8221; background_repeat=&#8221;repeat&#8221; background_size=&#8221;initial&#8221;]<\/p>\n<p>\n<a href=\"http:\/\/www.soitinkorjaamo.fi\/wp-content\/uploads\/2014\/02\/DSC03932E.jpg\"><img decoding=\"async\" loading=\"lazy\" class=\" wp-image-33 alignleft\" alt=\"DSC03932E\" src=\"http:\/\/www.soitinkorjaamo.fi\/wp-content\/uploads\/2014\/02\/DSC03932E-225x300.jpg\" width=\"135\" height=\"180\" srcset=\"http:\/\/www.soitinkorjaamo.fi\/wp-content\/uploads\/2014\/02\/DSC03932E-225x300.jpg 225w, http:\/\/www.soitinkorjaamo.fi\/wp-content\/uploads\/2014\/02\/DSC03932E.jpg 578w\" sizes=\"(max-width: 135px) 100vw, 135px\" \/><\/a><span style=\"color: #808080; font-family: 'Trebuchet MS';\">&#8221;Soitinkorjaamo Tmi Timo Rantanen on keskittynyt puupuhaltimien korjaukseen. Olen koulutukseltani sotilassoittaja (Sotilasmusiikkikoulu 1987-1991, Kaartin Soittokunta 1992-2007) ja musiikin yo (Sibelius-Akatemia 1991-), Vuodesta 1993 olen soittanut saksofoneja ja huilua Jean S.-orkesterissa.<\/span><\/p>\n<div><span style=\"color: #808080; font-family: 'Trebuchet MS';\">Soitinkorjausta olen oppinut mm. Puolustusvoimien soitinkorjaamolla Pentti Heinosen johdolla, kursseilla ja itse opiskellen.<\/span><\/div>\n<div><span style=\"color: #808080; font-family: 'Trebuchet MS';\">Yritys on perustettu vuonna 2001.&#8221;<\/span><\/div>\n<p>[\/et_pb_text][\/et_pb_column][\/et_pb_row][\/et_pb_section]<\/p>\n","protected":false},"excerpt":{"rendered":"<p>[et_pb_section bb_built=&#8221;1&#8243; background_color=&#8221;#ffffff&#8221; inner_shadow=&#8221;off&#8221; parallax=&#8221;off&#8221;][et_pb_row][et_pb_column type=&#8221;4_4&#8243;][et_pb_text admin_label=&#8221;Pp huoltoa ja korjausta..&#8221; background_layout=&#8221;light&#8221; text_orientation=&#8221;left&#8221; background_position=&#8221;top_left&#8221; background_repeat=&#8221;repeat&#8221; background_size=&#8221;initial&#8221; _builder_version=&#8221;3.19.15&#8243;] Puu- ja vaskipuhaltimien huoltoa ja korjausta vuosien kokemuksella ja omistautuneisuudella [\/et_pb_text][et_pb_text admin_label=&#8221;Soitinkorjaamo&#8221; background_position=&#8221;top_left&#8221; background_repeat=&#8221;repeat&#8221; background_size=&#8221;initial&#8221; _builder_version=&#8221;3.19.15&#8243;] Soitinkorjaamo sijaitsee Helsingin Meilahdessa osoitteessa Pihlajatie 38. Ota rohkeasti yhteytt\u00e4 ja tule k\u00e4ym\u00e4\u00e4n! Tarkemmat hinnat l\u00f6yd\u00e4t soittimien kohdalta, tuntiveloitus 100\u20ac\/h [\/et_pb_text][et_pb_text admin_label=&#8221;kuva ja [&hellip;]<\/p>\n","protected":false},"author":1,"featured_media":0,"parent":0,"menu_order":0,"comment_status":"closed","ping_status":"closed","template":"","meta":{"_et_pb_use_builder":"on","_et_pb_old_content":""},"_links":{"self":[{"href":"http:\/\/www.soitinkorjaamo.fi\/index.php?rest_route=\/wp\/v2\/pages\/65"}],"collection":[{"href":"http:\/\/www.soitinkorjaamo.fi\/index.php?rest_route=\/wp\/v2\/pages"}],"about":[{"href":"http:\/\/www.soitinkorjaamo.fi\/index.php?rest_route=\/wp\/v2\/types\/page"}],"author":[{"embeddable":true,"href":"http:\/\/www.soitinkorjaamo.fi\/index.php?rest_route=\/wp\/v2\/users\/1"}],"replies":[{"embeddable":true,"href":"http:\/\/www.soitinkorjaamo.fi\/index.php?rest_route=%2Fwp%2Fv2%2Fcomments&post=65"}],"version-history":[{"count":9,"href":"http:\/\/www.soitinkorjaamo.fi\/index.php?rest_route=\/wp\/v2\/pages\/65\/revisions"}],"predecessor-version":[{"id":148,"href":"http:\/\/www.soitinkorjaamo.fi\/index.php?rest_route=\/wp\/v2\/pages\/65\/revisions\/148"}],"wp:attachment":[{"href":"http:\/\/www.soitinkorjaamo.fi\/index.php?rest_route=%2Fwp%2Fv2%2Fmedia&parent=65"}],"curies":[{"name":"wp","href":"https:\/\/api.w.org\/{rel}","templated":true}]}}