{"id":47,"date":"2014-02-03T17:52:27","date_gmt":"2014-02-03T15:52:27","guid":{"rendered":"http:\/\/www.soitinkorjaamo.fi\/?page_id=47"},"modified":"2025-10-14T13:36:13","modified_gmt":"2025-10-14T10:36:13","slug":"klarinetit","status":"publish","type":"page","link":"https:\/\/www.soitinkorjaamo.fi\/?page_id=47","title":{"rendered":"Klarinetit"},"content":{"rendered":"<p>[et_pb_section bb_built=&#8221;1&#8243; _builder_version=&#8221;3.0.47&#8243;][et_pb_row _builder_version=&#8221;3.0.48&#8243; background_size=&#8221;initial&#8221; background_position=&#8221;top_left&#8221; background_repeat=&#8221;repeat&#8221;][et_pb_column type=&#8221;1_3&#8243;][et_pb_text admin_label=&#8221;Perushuolto&#8221; _builder_version=&#8221;3.19.15&#8243; background_size=&#8221;initial&#8221; background_position=&#8221;top_left&#8221; background_repeat=&#8221;repeat&#8221;]<\/p>\n<p>A, Bb-, ja Eb-klarinetit<br \/><strong>Perushuolto sis. alv 25,5%<\/strong> 200\u20ac + tarvikkeet<\/p>\n<p>Koneiston, tyynyjen ja rungon puhdistus, tarvittavien tyynyjen ja jousien vaihto (tuntity\u00f6n\u00e4), s\u00e4\u00e4t\u00f6.<\/p>\n<p>[\/et_pb_text][\/et_pb_column][et_pb_column type=&#8221;1_3&#8243;][et_pb_text admin_label=&#8221;Perushuolto+&#8221; _builder_version=&#8221;3.19.15&#8243; background_size=&#8221;initial&#8221; background_position=&#8221;top_left&#8221; background_repeat=&#8221;repeat&#8221;]<\/p>\n<p>A, Bb-, ja Eb-klarinetit<br \/><strong>Perushuolto+ sis. alv 25,5%<\/strong> alk. 400\u20ac + tarvikkeet<\/p>\n<p>Koneiston ja rungon puhdistus, kaikkien tyynyjen vaihto, tarvittavien jousien (tuntity\u00f6n\u00e4) vaihto, haluttaessa rungon \u00f6ljy\u00e4minen, s\u00e4\u00e4t\u00f6.<\/p>\n<p>[\/et_pb_text][\/et_pb_column][et_pb_column type=&#8221;1_3&#8243;][et_pb_text admin_label=&#8221;T\u00e4ysremontti &#8221; _builder_version=&#8221;3.19.15&#8243; background_size=&#8221;initial&#8221; background_position=&#8221;top_left&#8221; background_repeat=&#8221;repeat&#8221;]<\/p>\n<p>A, Bb-, ja Eb-klarinetit<br \/><strong>T\u00e4ysremontti sis. alv 25,5%<\/strong> alk. 550\u20ac + tarvikkeet<\/p>\n<p>Puhdistus, koneiston v\u00e4lysten korjaus ja kiillotus, kaikkien tyynyjen, korkkien ja huopien vaihto, tarvittavien jousien ja liitoskorkkien vaihto, haluttaessa rungon \u00f6ljy\u00e4minen.<br \/>Jumiutuneiden jousien, akselien ja ruuvien irrotus, halkeamien korjaus, \u00e4\u00e4niaukkojen vaihto ja hiilikuitupannoitus tuntity\u00f6n\u00e4.<\/p>\n<p>[\/et_pb_text][\/et_pb_column][\/et_pb_row][et_pb_row _builder_version=&#8221;3.0.48&#8243; background_size=&#8221;initial&#8221; background_position=&#8221;top_left&#8221; background_repeat=&#8221;repeat&#8221;][et_pb_column type=&#8221;1_2&#8243;][et_pb_text admin_label=&#8221;Alttoklarinetin&#8221; _builder_version=&#8221;3.19.15&#8243; background_size=&#8221;initial&#8221; background_position=&#8221;top_left&#8221; background_repeat=&#8221;repeat&#8221;]<\/p>\n<p><strong>Alttoklarinetin t\u00e4ysremontti<\/strong> <strong>sis. alv 25,5% <\/strong>alk. 590\u20ac + tarvikkeet<br \/><strong>Alttoklarinetin perushuolto sis. alv 25,5%<\/strong> alk. 360\u20ac + tarvikkeet<\/p>\n<p>[\/et_pb_text][et_pb_text admin_label=&#8221;P\u00e4\u00e4ryn\u00e4n&#8221; _builder_version=&#8221;3.19.15&#8243; background_size=&#8221;initial&#8221; background_position=&#8221;top_left&#8221; background_repeat=&#8221;repeat&#8221;]<\/p>\n<p>P\u00e4\u00e4ryn\u00e4n lyhennys 45\u20ac\/kerta<\/p>\n<p>[\/et_pb_text][\/et_pb_column][et_pb_column type=&#8221;1_2&#8243;][et_pb_text admin_label=&#8221;Bassoklarinetin&#8221; _builder_version=&#8221;3.19.15&#8243; background_size=&#8221;initial&#8221; background_position=&#8221;top_left&#8221; background_repeat=&#8221;repeat&#8221;]<\/p>\n<p><strong>Bassoklarinetin t\u00e4ysremontti<\/strong> <strong>sis. alv 25,5% <\/strong>alk. 1050\u20ac + tarvikkeet <strong>Bassoklarinetin perushuolto<\/strong> <strong>sis. alv 25,5% <\/strong>alk. 535\u20ac + tarvikkeet<\/p>\n<p>[\/et_pb_text][et_pb_text admin_label=&#8221;Liitoskorkin&#8221; _builder_version=&#8221;3.19.15&#8243; background_size=&#8221;initial&#8221; background_position=&#8221;top_left&#8221; background_repeat=&#8221;repeat&#8221;]<\/p>\n<p><strong>sis. alv 25,5% <\/strong>Liitoskorkin vaihto alk. 25\u20ac (30\u20ac Es-Bb-A cl keskiliitos, 45\u20ac basson kaula + kelloliitos, 50\u20ac basson keskiliitos)<\/p>\n<p>[\/et_pb_text][\/et_pb_column][\/et_pb_row][\/et_pb_section]<\/p>\n","protected":false},"excerpt":{"rendered":"<p>[et_pb_section bb_built=&#8221;1&#8243; _builder_version=&#8221;3.0.47&#8243;][et_pb_row _builder_version=&#8221;3.0.48&#8243; background_size=&#8221;initial&#8221; background_position=&#8221;top_left&#8221; background_repeat=&#8221;repeat&#8221;][et_pb_column type=&#8221;1_3&#8243;][et_pb_text admin_label=&#8221;Perushuolto&#8221; _builder_version=&#8221;3.19.15&#8243; background_size=&#8221;initial&#8221; background_position=&#8221;top_left&#8221; background_repeat=&#8221;repeat&#8221;] A, Bb-, ja Eb-klarinetitPerushuolto sis. alv 25,5% 200\u20ac + tarvikkeet Koneiston, tyynyjen ja rungon puhdistus, tarvittavien tyynyjen ja jousien vaihto (tuntity\u00f6n\u00e4), s\u00e4\u00e4t\u00f6. [\/et_pb_text][\/et_pb_column][et_pb_column type=&#8221;1_3&#8243;][et_pb_text admin_label=&#8221;Perushuolto+&#8221; _builder_version=&#8221;3.19.15&#8243; background_size=&#8221;initial&#8221; background_position=&#8221;top_left&#8221; background_repeat=&#8221;repeat&#8221;] A, Bb-, ja Eb-klarinetitPerushuolto+ sis. alv 25,5% alk. 400\u20ac + tarvikkeet Koneiston ja [&hellip;]<\/p>\n","protected":false},"author":1,"featured_media":0,"parent":0,"menu_order":0,"comment_status":"closed","ping_status":"closed","template":"","meta":{"_et_pb_use_builder":"on","_et_pb_old_content":""},"_links":{"self":[{"href":"https:\/\/www.soitinkorjaamo.fi\/index.php?rest_route=\/wp\/v2\/pages\/47"}],"collection":[{"href":"https:\/\/www.soitinkorjaamo.fi\/index.php?rest_route=\/wp\/v2\/pages"}],"about":[{"href":"https:\/\/www.soitinkorjaamo.fi\/index.php?rest_route=\/wp\/v2\/types\/page"}],"author":[{"embeddable":true,"href":"https:\/\/www.soitinkorjaamo.fi\/index.php?rest_route=\/wp\/v2\/users\/1"}],"replies":[{"embeddable":true,"href":"https:\/\/www.soitinkorjaamo.fi\/index.php?rest_route=%2Fwp%2Fv2%2Fcomments&post=47"}],"version-history":[{"count":11,"href":"https:\/\/www.soitinkorjaamo.fi\/index.php?rest_route=\/wp\/v2\/pages\/47\/revisions"}],"predecessor-version":[{"id":149,"href":"https:\/\/www.soitinkorjaamo.fi\/index.php?rest_route=\/wp\/v2\/pages\/47\/revisions\/149"}],"wp:attachment":[{"href":"https:\/\/www.soitinkorjaamo.fi\/index.php?rest_route=%2Fwp%2Fv2%2Fmedia&parent=47"}],"curies":[{"name":"wp","href":"https:\/\/api.w.org\/{rel}","templated":true}]}}